{"id":26530,"date":"2025-06-24T14:50:52","date_gmt":"2025-06-24T11:50:52","guid":{"rendered":"https:\/\/www.clinica-sante.com\/ro\/analize-fara-categorie\/eritropoetina-epo\/"},"modified":"2026-01-03T17:01:45","modified_gmt":"2026-01-03T15:01:45","slug":"eritropoetina-epo","status":"publish","type":"product","link":"https:\/\/www.clinica-sante.com\/ro\/analize-imunologie\/eritropoetina-epo\/","title":{"rendered":"Eritropoetina (EPO)"},"content":{"rendered":"","protected":false},"excerpt":{"rendered":"<p>Eritropoetina este un hormon produs \u00een principal de rinichi, care stimuleaz\u0103 formarea globulelor ro\u0219ii. Determinarea nivelului sangvin este indicat\u0103 \u00een evaluarea cauzelor anemiei sau policitemiei \u0219i \u00een monitorizarea terapiei cu EPO la pacien\u021bii cu insuficien\u021b\u0103 renal\u0103 cronic\u0103.<\/p>\n","protected":false},"featured_media":0,"template":"","meta":{"_acf_changed":false,"inline_featured_image":false},"product_brand":[],"product_cat":[1209,3180,2876],"product_tag":[],"class_list":{"0":"post-26530","1":"product","2":"type-product","3":"status-publish","5":"product_cat-analize","6":"product_cat-imunologie","7":"product_cat-serviciu-laborator","8":"pa_conditii-medicale-afecti-anemii-feripriva-megaloblastica","9":"pa_conditii-medicale-afecti-testarea-functiei-renale-boala-cronica-de-rinichi-2","11":"first","12":"instock","13":"sale","14":"virtual","15":"purchasable","16":"product-type-simple"},"acf":[],"_links":{"self":[{"href":"https:\/\/www.clinica-sante.com\/ro\/wp-json\/wp\/v2\/product\/26530","targetHints":{"allow":["GET"]}}],"collection":[{"href":"https:\/\/www.clinica-sante.com\/ro\/wp-json\/wp\/v2\/product"}],"about":[{"href":"https:\/\/www.clinica-sante.com\/ro\/wp-json\/wp\/v2\/types\/product"}],"wp:attachment":[{"href":"https:\/\/www.clinica-sante.com\/ro\/wp-json\/wp\/v2\/media?parent=26530"}],"wp:term":[{"taxonomy":"product_brand","embeddable":true,"href":"https:\/\/www.clinica-sante.com\/ro\/wp-json\/wp\/v2\/product_brand?post=26530"},{"taxonomy":"product_cat","embeddable":true,"href":"https:\/\/www.clinica-sante.com\/ro\/wp-json\/wp\/v2\/product_cat?post=26530"},{"taxonomy":"product_tag","embeddable":true,"href":"https:\/\/www.clinica-sante.com\/ro\/wp-json\/wp\/v2\/product_tag?post=26530"}],"curies":[{"name":"wp","href":"https:\/\/api.w.org\/{rel}","templated":true}]}}