{"id":26524,"date":"2025-06-24T14:50:26","date_gmt":"2025-06-24T11:50:26","guid":{"rendered":"https:\/\/www.clinica-sante.com\/ro\/analize-fara-categorie\/dozare-levetiracetam\/"},"modified":"2026-01-03T17:01:25","modified_gmt":"2026-01-03T15:01:25","slug":"dozare-levetiracetam","status":"publish","type":"product","link":"https:\/\/www.clinica-sante.com\/ro\/analize-dozare-terapeutica-de-medicamente\/dozare-levetiracetam\/","title":{"rendered":"Dozare Levetiracetam"},"content":{"rendered":"","protected":false},"excerpt":{"rendered":"<p>Analiza m\u0103soar\u0103 concentra\u021bia levetiracetamului \u00een s\u00e2nge, un medicament anticonvulsivant. Monitorizarea este util\u0103 pentru evaluarea aderen\u021bei la tratament, ajustarea dozelor \u0219i  prevenirea toxicit\u0103\u021bii.<\/p>\n","protected":false},"featured_media":0,"template":"","meta":{"_acf_changed":false,"inline_featured_image":false},"product_brand":[],"product_cat":[1209,3164,2876],"product_tag":[],"class_list":{"0":"post-26524","1":"product","2":"type-product","3":"status-publish","5":"product_cat-analize","6":"product_cat-dozare-terapeutica-de-medicamente","7":"product_cat-serviciu-laborator","9":"first","10":"instock","11":"sale","12":"virtual","13":"purchasable","14":"product-type-simple"},"acf":[],"aioseo_notices":[],"_links":{"self":[{"href":"https:\/\/www.clinica-sante.com\/ro\/wp-json\/wp\/v2\/product\/26524","targetHints":{"allow":["GET"]}}],"collection":[{"href":"https:\/\/www.clinica-sante.com\/ro\/wp-json\/wp\/v2\/product"}],"about":[{"href":"https:\/\/www.clinica-sante.com\/ro\/wp-json\/wp\/v2\/types\/product"}],"wp:attachment":[{"href":"https:\/\/www.clinica-sante.com\/ro\/wp-json\/wp\/v2\/media?parent=26524"}],"wp:term":[{"taxonomy":"product_brand","embeddable":true,"href":"https:\/\/www.clinica-sante.com\/ro\/wp-json\/wp\/v2\/product_brand?post=26524"},{"taxonomy":"product_cat","embeddable":true,"href":"https:\/\/www.clinica-sante.com\/ro\/wp-json\/wp\/v2\/product_cat?post=26524"},{"taxonomy":"product_tag","embeddable":true,"href":"https:\/\/www.clinica-sante.com\/ro\/wp-json\/wp\/v2\/product_tag?post=26524"}],"curies":[{"name":"wp","href":"https:\/\/api.w.org\/{rel}","templated":true}]}}