{"id":26521,"date":"2025-06-24T14:50:09","date_gmt":"2025-06-24T11:50:09","guid":{"rendered":"https:\/\/www.clinica-sante.com\/ro\/analize-fara-categorie\/cocaina-screening\/"},"modified":"2026-01-03T17:01:18","modified_gmt":"2026-01-03T15:01:18","slug":"cocaina-screening","status":"publish","type":"product","link":"https:\/\/www.clinica-sante.com\/ro\/analize-serviciu-laborator\/cocaina-screening\/","title":{"rendered":"Cocaina &#8211; screening"},"content":{"rendered":"","protected":false},"excerpt":{"rendered":"<p>Testul detecteaz\u0103 prezen\u021ba cocainei \u00een urin\u0103, un drog periculos, cu efect stimulator asupra sistemului nervos central, care d\u0103 dependen\u021b\u0103. Dozarea este util\u0103 pentru screeningul consumului de cocain\u0103 \u0219i monitorizarea aderen\u021bei la programele antidrog.<\/p>\n","protected":false},"featured_media":0,"template":"","meta":{"_acf_changed":false,"inline_featured_image":false},"product_brand":[],"product_cat":[1209,2876,3176],"product_tag":[],"class_list":{"0":"post-26521","1":"product","2":"type-product","3":"status-publish","5":"product_cat-analize","6":"product_cat-serviciu-laborator","7":"product_cat-toxicologie","9":"first","10":"instock","11":"sale","12":"virtual","13":"purchasable","14":"product-type-simple"},"acf":[],"aioseo_notices":[],"_links":{"self":[{"href":"https:\/\/www.clinica-sante.com\/ro\/wp-json\/wp\/v2\/product\/26521","targetHints":{"allow":["GET"]}}],"collection":[{"href":"https:\/\/www.clinica-sante.com\/ro\/wp-json\/wp\/v2\/product"}],"about":[{"href":"https:\/\/www.clinica-sante.com\/ro\/wp-json\/wp\/v2\/types\/product"}],"wp:attachment":[{"href":"https:\/\/www.clinica-sante.com\/ro\/wp-json\/wp\/v2\/media?parent=26521"}],"wp:term":[{"taxonomy":"product_brand","embeddable":true,"href":"https:\/\/www.clinica-sante.com\/ro\/wp-json\/wp\/v2\/product_brand?post=26521"},{"taxonomy":"product_cat","embeddable":true,"href":"https:\/\/www.clinica-sante.com\/ro\/wp-json\/wp\/v2\/product_cat?post=26521"},{"taxonomy":"product_tag","embeddable":true,"href":"https:\/\/www.clinica-sante.com\/ro\/wp-json\/wp\/v2\/product_tag?post=26521"}],"curies":[{"name":"wp","href":"https:\/\/api.w.org\/{rel}","templated":true}]}}