{"id":26519,"date":"2025-06-24T14:50:00","date_gmt":"2025-06-24T11:50:00","guid":{"rendered":"https:\/\/www.clinica-sante.com\/ro\/analize-fara-categorie\/cultura-secretie-conjunctivala-stanga-identificare-bacteriana\/"},"modified":"2026-01-03T17:01:13","modified_gmt":"2026-01-03T15:01:13","slug":"cultura-secretie-conjunctivala-stanga-identificare-bacteriana","status":"publish","type":"product","link":"https:\/\/www.clinica-sante.com\/ro\/analize-microbiologie\/cultura-secretie-conjunctivala-stanga-identificare-bacteriana\/","title":{"rendered":"Cultura secretie conjunctivala stanga &#8211; identificare bacteriana"},"content":{"rendered":"","protected":false},"excerpt":{"rendered":"<p>Testul izoleaz\u0103 bacterii din secre\u021bia ocular\u0103 a ochiului st\u00e2ng, util \u00een diagnosticarea conjunctivitelor bacteriene. Analiza este recomandat\u0103 \u00een caz de ro\u0219ea\u021b\u0103, secre\u021bii, senza\u021bie de nisip \u00een ochi sau vedere \u00eence\u021bo\u0219at\u0103.<\/p>\n","protected":false},"featured_media":0,"template":"","meta":{"_acf_changed":false,"inline_featured_image":false},"product_brand":[],"product_cat":[1209,3152,2876],"product_tag":[],"class_list":{"0":"post-26519","1":"product","2":"type-product","3":"status-publish","5":"product_cat-analize","6":"product_cat-microbiologie","7":"product_cat-serviciu-laborator","8":"pa_conditii-medicale-afecti-conjunctivita","9":"pa_parti-ale-corpului-organ-ochi","10":"pa_parti-ale-corpului-siste-analizori","12":"first","13":"instock","14":"virtual","15":"product-type-simple"},"acf":[],"aioseo_notices":[],"_links":{"self":[{"href":"https:\/\/www.clinica-sante.com\/ro\/wp-json\/wp\/v2\/product\/26519","targetHints":{"allow":["GET"]}}],"collection":[{"href":"https:\/\/www.clinica-sante.com\/ro\/wp-json\/wp\/v2\/product"}],"about":[{"href":"https:\/\/www.clinica-sante.com\/ro\/wp-json\/wp\/v2\/types\/product"}],"wp:attachment":[{"href":"https:\/\/www.clinica-sante.com\/ro\/wp-json\/wp\/v2\/media?parent=26519"}],"wp:term":[{"taxonomy":"product_brand","embeddable":true,"href":"https:\/\/www.clinica-sante.com\/ro\/wp-json\/wp\/v2\/product_brand?post=26519"},{"taxonomy":"product_cat","embeddable":true,"href":"https:\/\/www.clinica-sante.com\/ro\/wp-json\/wp\/v2\/product_cat?post=26519"},{"taxonomy":"product_tag","embeddable":true,"href":"https:\/\/www.clinica-sante.com\/ro\/wp-json\/wp\/v2\/product_tag?post=26519"}],"curies":[{"name":"wp","href":"https:\/\/api.w.org\/{rel}","templated":true}]}}