{"id":26514,"date":"2025-06-24T14:49:31","date_gmt":"2025-06-24T11:49:31","guid":{"rendered":"https:\/\/www.clinica-sante.com\/ro\/analize-fara-categorie\/transferina\/"},"modified":"2026-01-05T18:57:35","modified_gmt":"2026-01-05T16:57:35","slug":"transferina","status":"publish","type":"product","link":"https:\/\/www.clinica-sante.com\/ro\/analize-biochimie\/transferina\/","title":{"rendered":"Transferina"},"content":{"rendered":"","protected":false},"excerpt":{"rendered":"<p>Transferina este principala protein\u0103 de transport a fierului \u00een s\u00e2nge. Analiza este util\u0103 \u00een evaluarea metabolismului fierului, diagnosticul anemiei feriprive \u0219i diferen\u021bierea acesteia de alte tipuri de anemii sau afec\u021biuni inflamatorii cronice.<\/p>\n","protected":false},"featured_media":0,"template":"","meta":{"_acf_changed":false,"inline_featured_image":false},"product_brand":[],"product_cat":[1209,3169,2876],"product_tag":[],"class_list":{"0":"post-26514","1":"product","2":"type-product","3":"status-publish","5":"product_cat-analize","6":"product_cat-biochimie","7":"product_cat-serviciu-laborator","8":"pa_conditii-medicale-afecti-anemii-feripriva-megaloblastica","9":"pa_conditii-medicale-afecti-hemocromatoza","10":"pa_parti-ale-corpului-organ-ficat-si-colecist","11":"pa_parti-ale-corpului-siste-sistem-digestiv","13":"first","14":"instock","15":"sale","16":"virtual","17":"purchasable","18":"product-type-simple"},"acf":[],"aioseo_notices":[],"_links":{"self":[{"href":"https:\/\/www.clinica-sante.com\/ro\/wp-json\/wp\/v2\/product\/26514","targetHints":{"allow":["GET"]}}],"collection":[{"href":"https:\/\/www.clinica-sante.com\/ro\/wp-json\/wp\/v2\/product"}],"about":[{"href":"https:\/\/www.clinica-sante.com\/ro\/wp-json\/wp\/v2\/types\/product"}],"wp:attachment":[{"href":"https:\/\/www.clinica-sante.com\/ro\/wp-json\/wp\/v2\/media?parent=26514"}],"wp:term":[{"taxonomy":"product_brand","embeddable":true,"href":"https:\/\/www.clinica-sante.com\/ro\/wp-json\/wp\/v2\/product_brand?post=26514"},{"taxonomy":"product_cat","embeddable":true,"href":"https:\/\/www.clinica-sante.com\/ro\/wp-json\/wp\/v2\/product_cat?post=26514"},{"taxonomy":"product_tag","embeddable":true,"href":"https:\/\/www.clinica-sante.com\/ro\/wp-json\/wp\/v2\/product_tag?post=26514"}],"curies":[{"name":"wp","href":"https:\/\/api.w.org\/{rel}","templated":true}]}}