{"id":26426,"date":"2025-06-24T09:28:47","date_gmt":"2025-06-24T07:28:47","guid":{"rendered":"https:\/\/www.clinica-sante.com\/ro\/?page_id=26426"},"modified":"2025-07-28T16:03:17","modified_gmt":"2025-07-28T14:03:17","slug":"politica-privind-fisierele-cookies","status":"publish","type":"page","link":"https:\/\/www.clinica-sante.com\/ro\/politica-privind-fisierele-cookies\/","title":{"rendered":"Politic\u0103 privind fi\u0219ierele cookies"},"content":{"rendered":"\n<div  class=\"bloc_description_section\"><ol>\n<li><span style=\"color: #f58220\"><b>Introducere<\/b><\/span><\/li>\n<\/ol>\n<p>Prezenta Politic\u0103 privind fi\u0219ierele cookies se aplic\u0103 tuturor utilizatorilor paginii de internet www.clinica-sante.com\/ro. Informa\u021biile prezentate \u00een continuare au ca scop informarea utilizatorilor acestei pagini de internet cu privire la plasarea, utilizarea \u0219i administrarea cookie-urilor \u00een contextul navig\u0103rii utilizatorilor pe aceast\u0103 pagin\u0103 de internet.<\/p>\n<ol start=\"2\">\n<li><strong><span style=\"color: #f58220\">Ce sunt cookie-urile?<\/span><\/strong><\/li>\n<\/ol>\n<p>Folosim termenul \u201ecookie\u201d-uri pentru a ne referi la modulele cookie \u0219i la tehnologiile similare prin intermediul c\u0103rora pot fi colectate informa\u021bii \u00een mod automat.<\/p>\n<p>Un \u201eInternet Cookie\u201d (termen cunoscut \u0219i sub denumirea de \u201ebrowser cookie\u201d sau \u201eHTTP cookie\u201d ori \u201ecookie\u201d) reprezint\u0103 un fi\u0219ier de mici dimensiuni, format din litere \u0219i numere, care va fi stocat pe computerul, terminalul mobil sau pe alte echipamente ale unui utilizator prin intermediul c\u0103rora se acceseaz\u0103 internetul.<\/p>\n<p>Cookie-urile sunt instalate prin solicitarea emis\u0103 de un web-server c\u0103tre un browser (de ex.: Edge, Firefox, Chrome). Cookie-urile odat\u0103 instalate au o durat\u0103 de existen\u021b\u0103 determinat\u0103, r\u0103m\u00e2n\u00e2nd \u201epasive\u201d, \u00een sensul c\u0103 nu con\u021bin programe software, viru\u0219i sau spyware \u0219i nu vor accesa informa\u021biile de pe hard driverul utilizatorului pe al c\u0103rui echipament au fost instalate.<\/p>\n<p>Un cookie este format din dou\u0103 p\u0103r\u021bi:\u00a0numele cookie-ului \u0219i\u00a0con\u021binutul sau valoarea cookie-ului.<\/p>\n<p>Din punct de vedere tehnic, doar web-serverul care a trimis cookie-ul \u00eel poate accesa din nou \u00een momentul \u00een care un utilizator se \u00eentoarce pe pagina de internet asociat\u0103 web-serverului respectiv.<\/p>\n<ol start=\"3\">\n<li><span style=\"color: #f58220\"><b>Pentru ce scopuri sunt utilizate cookie-urile prin intermediul acestei pagini de internet?<\/b><\/span><\/li>\n<\/ol>\n<p>Cookie-urile sunt utilizate pentru a furniza utilizatorilor acestei pagini de internet o experien\u021b\u0103 mai bun\u0103 de navigare \u0219i servicii adaptate nevoilor \u0219i interesului fiec\u0103ruia \u0219i \u00een alte scopuri, precum:<\/p>\n<ul>\n<li>identificarea loca\u021biei \u0219i modului de acces, securiz\u0103rii conexiunii \u0219i asigurarea accesului securizat atunci c\u00e2nd este cazul<\/li>\n<li>\u00eembun\u0103t\u0103\u021birea utiliz\u0103rii acestei pagini de internet, inclusiv prin identificarea oric\u0103ror erori care apar \u00een timpul vizit\u0103rii\/utiliz\u0103rii acesteia de c\u0103tre utilizatori;<\/li>\n<li>afi\u0219area imaginilor video sau a altor func\u021bionalit\u0103\u021bi oferite de ter\u021bi;<\/li>\n<li>furnizarea de statistici anonime cu privire la modul \u00een care este utilizat\u0103 aceast\u0103 pagin\u0103 de internet c\u0103tre www.clinica-sante.ro, \u00een calitate de de\u021bin\u0103tor al acestei pagini de internet;<\/li>\n<li>anticiparea unor eventuale bunuri care vor fi \u00een viitor puse la dispozi\u021bia utilizatorilor prin intermediul acestei pagini de internet, \u00een func\u021bie de serviciile \/ produsele accesate.<\/li>\n<\/ul>\n<p>Astfel, utilizarea cookie-urilor permite memorarea anumitor set\u0103ri\/preferin\u021be stabilite de c\u0103tre utilizatorii acestei pagini de internet, precum:<\/p>\n<ul>\n<li>facilitarea accesului \u00een contul utilizatorilor;<\/li>\n<li>postarea comentariilor pe site.<\/li>\n<\/ul>\n<ol start=\"4\">\n<li><span style=\"color: #f58220\"><b>Care este durata de via\u021b\u0103 a cookie-urilor?<\/b><\/span><\/li>\n<\/ol>\n<p>Durata de via\u021b\u0103 a cookie-urilor poate varia semnificativ, depinz\u00e2nd de scopul pentru care este plasat. Exist\u0103 urm\u0103toarele categorii de cookie-uri care determin\u0103 \u0219i durata de via\u021b\u0103 a acestora:<\/p>\n<ul>\n<li>Cookie-uri de sesiune \u2013 Un \u201ecookie de sesiune\u201d este un cookie care este \u0219ters automat c\u00e2nd utilizatorul \u00ee\u0219i \u00eenchide browserul.<\/li>\n<li>Cookie-uri persistente sau fixe \u2013 Un \u201ecookie persistent\u201d sau \u201efix\u201d este un cookie care r\u0103m\u00e2ne stocat \u00een terminalul utilizatorului p\u00e2n\u0103 c\u00e2nd atinge o anumit\u0103 dat\u0103 de expirare (care poate fi \u00een c\u00e2teva minute, zile sau c\u00e2\u021biva ani \u00een viitor) sau p\u00e2n\u0103 la \u0219tergerea acestuia de c\u0103tre utilizator \u00een orice moment prin intermediul set\u0103rilor browserului.<\/li>\n<\/ul>\n<ol start=\"5\">\n<li><span style=\"color: #f58220\"><b>Ce sunt cookie-urile plasate de ter\u021bi?<\/b><\/span><\/li>\n<\/ol>\n<p>Anumite sec\u021biuni de con\u021binut de pe pagina de internet pot fi furnizate prin intermediul unor ter\u021bi, adic\u0103 nu de c\u0103tre www.clinica-sante.com\/ro, caz \u00een care aceste cookie-uri sunt denumite cookie-uri de la ter\u021bi (\u201ethird party cookie-uri\u201d). Ter\u021bii furnizori ai cookie-urilor trebuie s\u0103 respecte, de asemenea, regulile \u00een materie de protec\u021bie a datelor \u0219i Politica de Confiden\u021bialitate disponibil\u0103 pe aceast\u0103 pagin\u0103 de internet.<\/p>\n<p>Pentru a vizualiza ce cookie-uri oferite de ter\u021bi folosim, v\u0103 rug\u0103m s\u0103 accesa\u021bi sec\u021biunea \u201dServicii\u201d din configuratorul de acorduri cookie-uri al site-ului.<\/p>\n<ol start=\"6\">\n<li><span style=\"color: #f58220\"><b>Ce cookie-uri sunt folosite prin intermediul acestei pagini de internet:<\/b><\/span><\/li>\n<\/ol>\n<p>Prin utilizarea\/vizitarea paginii de internet pot fi plasate urm\u0103toarele cookie-uri:<\/p>\n<ol>\n<li>Cookie-uri necesare<\/li>\n<\/ol>\n<p>Sunt necesare func\u021bion\u0103rii \u0219i afi\u0219\u0103rii paginilor webbite-ului pe echipamentul utilizatorului \u0219i securiz\u0103rii conexiunii atunci c\u00e2nd este cazul.<\/p>\n<ol start=\"2\">\n<li>Cookie-uri de performan\u021b\u0103<br \/>\nPrin acest tip de cookie-uri sunt memorate preferin\u021bele utilizatorului acestei pagini de internet, astfel \u00eenc\u00e2t setarea din nou a preferin\u021belor \u00een cazul vizit\u0103rii ulterioare a paginii de internet nu mai este necesar\u0103.<\/li>\n<li>Cookie-uri de analiz\u0103 a utilizatorilor<br \/>\nAceste cookie-uri ne informeaz\u0103 dac\u0103 un anumit utilizator al paginii de internet a mai vizitat\/utilizat aceast\u0103 pagin\u0103 de internet anterior. Aceste cookie-uri sunt utilizate doar \u00een scopuri statistice.<\/li>\n<li>Cookie-uri pentru geotargetting<br \/>\nAceste cookie-uri sunt utilizate de c\u0103tre un soft care stabile\u0219te \u021bara de provenien\u021b\u0103 a utilizatorului paginii de internet. Vor fi primite acelea\u0219i reclame indiferent de limba selectat\u0103.<\/li>\n<li>Cookie-uri pentru \u00eenregistrare<br \/>\nAtunci c\u00e2nd v\u0103 \u00eenregistra\u021bi pe acest site, se genereaz\u0103 cookie-uri care memoreaz\u0103 acest demers. Serverele utilizeaz\u0103 aceste cookie-uri pentru a ne ar\u0103ta contul cu care sunte\u021bi \u00eenregistrat. De asemenea, utilizarea acestor cookie-uri permite s\u0103 asociem orice comentariu postat pe pagina de internet cu username-ul contului folosit. \u00cen cazul \u00een care nu a fost selectat\u0103 op\u021biunea \u201ep\u0103streaz\u0103-m\u0103 \u00eenregistrat\u201d, aceste cookie-uri se vor \u0219terge automat la momentul termin\u0103rii sesiunii de navigare.<\/li>\n<li>Cookie-uri pentru publicitate<br \/>\nAceste cookie-uri permit aflarea vizualiz\u0103rii de c\u0103tre un utilizator a unei reclame online, tipul acesteia \u0219i timpul scurs de la momentul vizualiz\u0103rii respectivului mesaj publicitar. Ca atare, astfel de cookie-uri sunt folosite pentru targetarea publicit\u0103\u021bii online. Aceste cookie-uri sunt anonime, stoc\u00e2nd informa\u021bii despre contentul vizualizat, nu \u0219i despre utilizatori.<\/li>\n<\/ol>\n<ol start=\"7\">\n<li><span style=\"color: #f58220\"><b>Ce tip de informa\u021bii sunt stocate \u0219i accesate prin intermediul cookie-urilor?<\/b><\/span><\/li>\n<\/ol>\n<p>Cookie-urile p\u0103streaz\u0103 informa\u021bii \u00eentr-un fi\u0219ier text de mici dimensiuni care permit recunoa\u0219terea browserului. Aceast\u0103 pagin\u0103 de internet recunoa\u0219te browserul p\u00e2n\u0103 c\u00e2nd cookie-urile expir\u0103 sau sunt \u0219terse.<\/p>\n<ol start=\"8\">\n<li><span style=\"color: #f58220\"><b>Particularizarea set\u0103rile browserului \u00een ceea ce prive\u0219te cookie-urile<\/b><\/span><\/li>\n<\/ol>\n<p>\u00cen cazul \u00een care utilizarea cookie-urilor nu este deranjant\u0103 iar calculatorul sau echipamentul tehnic utilizat pentru navigarea pe aceast\u0103 pagin\u0103 de internet este folosit doar de c\u0103tre dumneavoastr\u0103, pot fi setate termene lungi de expirare pentru stocarea istoricului de navigare.<\/p>\n<p>\u00cen cazul \u00een care calculatorul sau echipamentul tehnic utilizat pentru navigarea pe aceast\u0103 pagin\u0103 de internet este folosit de mai multe persoane, poate fi luat\u0103 \u00een considerare setarea pentru \u0219tergerea datelor individuale de navigare de fiecare dat\u0103 c\u00e2nd browserul este \u00eenchis.<\/p>\n<ol start=\"9\">\n<li><span style=\"color: #f58220\"><b>Cum pot fi oprite cookie-urile?<\/b><\/span><\/li>\n<\/ol>\n<p>Pentru o experien\u021b\u0103 pl\u0103cut\u0103, website-ul <span style=\"color: #467886\"><u><a href=\"http:\/\/www.clinica-sante.com\/ro\">www.clinica-sante.com\/ro<\/a><\/u><\/span> ofer\u0103 un utilitar de configurare a utiliz\u0103rii cookie-urilor accesibil de pe fiecare pagin\u0103 a site-ul s\u0103u prin butonul \u201damprent\u0103\u201d situat \u00een st\u00e2nga-jos a paginii. Dezactivarea \u0219i refuzul de a primi tuturor cookie-urilor op\u021bionale, pot atrage limit\u0103ri ale posibilit\u0103\u021bilor de utilizare ale acesteia.<\/p>\n<p>Refuzarea sau dezactivarea cookie-urilor nu \u00eenseamn\u0103 c\u0103 nu ve\u021bi mai primi publicitate online \u2013 ci doar c\u0103 aceasta nu va fi adaptat\u0103 preferin\u021belor \u0219i interesele dumneavoastr\u0103, a\u0219a cum reies din comportamentul de navigare.<\/p>\n<p>De asemenea, utilizatorii \u00ee\u0219i pot configura browserul s\u0103 resping\u0103 fi\u0219ierele cookie sau s\u0103 fie acceptate cookie-uri de la o pagin\u0103 de internet anume.<\/p>\n<p>Toate browserele moderne ofer\u0103 posibilitatea de a schimba set\u0103rile cookie-urilor. Aceste set\u0103ri pot fi accesate, ca regul\u0103, \u00een sec\u021biunea \u201eop\u021biuni\u201d sau \u00een meniul de \u201epreferin\u021be\u201d al browserului t\u0103u.<\/p>\n<p>Pentru a \u00een\u021belege aceste set\u0103ri, urm\u0103toarele linkuri pot fi folositoare:<\/p>\n<ul>\n<li><span style=\"color: #467886\"><u><a href=\"https:\/\/support.microsoft.com\/en-us\/windows\/manage-cookies-in-microsoft-edge-view-allow-block-delete-and-use-168dab11-0753-043d-7c16-ede5947fc64d\"><b>Cookie settings in Edge<\/b><\/a><\/u><\/span><\/li>\n<li><span style=\"color: #467886\"><u><a href=\"https:\/\/support.mozilla.org\/en-US\/kb\/enable-and-disable-cookies-website-preferences\"><b>Cookie settings in Firefox<\/b><\/a><\/u><\/span><\/li>\n<li><span style=\"color: #467886\"><u><a href=\"https:\/\/support.google.com\/chrome\/answer\/95647\"><b>Cookie settings in Chrome<\/b><\/a><\/u><\/span><\/li>\n<li><span style=\"color: #467886\"><u><a href=\"https:\/\/support.apple.com\/kb\/ph21411\"><b>Cookie settings in Safari<\/b><\/a><\/u><\/span><\/li>\n<\/ul>\n<p>Pentru orice \u00eentreb\u0103ri suplimentare cu privire la modul \u00een sunt utilizate cookie-urile prin intermediul acestei pagini de internet, v\u0103 rug\u0103m s\u0103 ne contacta\u021bi la\u00a0\u00a0<a href=\"mailto:office@clinica-sante.ro\"><span style=\"color: #467886\"><u><b>office@clinica-sante.ro<\/b><\/u><\/span><span style=\"color: #467886\"><u>\u00a0<\/u><\/span><\/a>.<\/p>\n<p>&nbsp;<\/p>\n<\/div>","protected":false},"excerpt":{"rendered":"","protected":false},"author":1,"featured_media":0,"parent":0,"menu_order":0,"comment_status":"closed","ping_status":"closed","template":"page-templates\/Gutenberg_template.php","meta":{"_acf_changed":false,"inline_featured_image":false,"footnotes":""},"class_list":["post-26426","page","type-page","status-publish","hentry"],"acf":[],"aioseo_notices":[],"_links":{"self":[{"href":"https:\/\/www.clinica-sante.com\/ro\/wp-json\/wp\/v2\/pages\/26426","targetHints":{"allow":["GET"]}}],"collection":[{"href":"https:\/\/www.clinica-sante.com\/ro\/wp-json\/wp\/v2\/pages"}],"about":[{"href":"https:\/\/www.clinica-sante.com\/ro\/wp-json\/wp\/v2\/types\/page"}],"author":[{"embeddable":true,"href":"https:\/\/www.clinica-sante.com\/ro\/wp-json\/wp\/v2\/users\/1"}],"replies":[{"embeddable":true,"href":"https:\/\/www.clinica-sante.com\/ro\/wp-json\/wp\/v2\/comments?post=26426"}],"version-history":[{"count":3,"href":"https:\/\/www.clinica-sante.com\/ro\/wp-json\/wp\/v2\/pages\/26426\/revisions"}],"predecessor-version":[{"id":30317,"href":"https:\/\/www.clinica-sante.com\/ro\/wp-json\/wp\/v2\/pages\/26426\/revisions\/30317"}],"wp:attachment":[{"href":"https:\/\/www.clinica-sante.com\/ro\/wp-json\/wp\/v2\/media?parent=26426"}],"curies":[{"name":"wp","href":"https:\/\/api.w.org\/{rel}","templated":true}]}}