{"id":170,"date":"2023-07-12T10:28:04","date_gmt":"2023-07-12T10:28:04","guid":{"rendered":"https:\/\/www.clinica-sante.com\/ro\/?page_id=170"},"modified":"2026-04-03T13:23:55","modified_gmt":"2026-04-03T10:23:55","slug":"cariere","status":"publish","type":"page","link":"https:\/\/www.clinica-sante.com\/ro\/cariere\/","title":{"rendered":"Cariere"},"content":{"rendered":"\r\n<div class=\"wp-block-spacer\" style=\"height: 20px;\" aria-hidden=\"true\">Suntem o re\u021bea medical\u0103 \u00een continu\u0103 dezvoltare, cu experien\u021b\u0103 de peste 30 de ani \u00een domeniul serviciilor de diagnostic \u0219i recoltare de analize medicale.<\/div>\r\n","protected":false},"excerpt":{"rendered":"","protected":false},"author":1,"featured_media":0,"parent":0,"menu_order":0,"comment_status":"closed","ping_status":"closed","template":"page-templates\/Cariere_light.php","meta":{"_acf_changed":false,"inline_featured_image":false,"footnotes":""},"class_list":["post-170","page","type-page","status-publish","hentry"],"acf":[],"aioseo_notices":[],"_links":{"self":[{"href":"https:\/\/www.clinica-sante.com\/ro\/wp-json\/wp\/v2\/pages\/170","targetHints":{"allow":["GET"]}}],"collection":[{"href":"https:\/\/www.clinica-sante.com\/ro\/wp-json\/wp\/v2\/pages"}],"about":[{"href":"https:\/\/www.clinica-sante.com\/ro\/wp-json\/wp\/v2\/types\/page"}],"author":[{"embeddable":true,"href":"https:\/\/www.clinica-sante.com\/ro\/wp-json\/wp\/v2\/users\/1"}],"replies":[{"embeddable":true,"href":"https:\/\/www.clinica-sante.com\/ro\/wp-json\/wp\/v2\/comments?post=170"}],"version-history":[{"count":27,"href":"https:\/\/www.clinica-sante.com\/ro\/wp-json\/wp\/v2\/pages\/170\/revisions"}],"predecessor-version":[{"id":88967,"href":"https:\/\/www.clinica-sante.com\/ro\/wp-json\/wp\/v2\/pages\/170\/revisions\/88967"}],"wp:attachment":[{"href":"https:\/\/www.clinica-sante.com\/ro\/wp-json\/wp\/v2\/media?parent=170"}],"curies":[{"name":"wp","href":"https:\/\/api.w.org\/{rel}","templated":true}]}}