{"id":14620,"date":"2023-09-07T12:26:29","date_gmt":"2023-09-07T12:26:29","guid":{"rendered":"https:\/\/www.clinica-sante.com\/ro\/?page_id=14620"},"modified":"2025-08-12T10:03:09","modified_gmt":"2025-08-12T07:03:09","slug":"ghid-de-recoltare-analize","status":"publish","type":"page","link":"https:\/\/www.clinica-sante.com\/ro\/ghid-de-recoltare-analize\/","title":{"rendered":"Ghid de recoltare analize"},"content":{"rendered":"\n<div  class=\"bloc_description_section\"><p>\u00cen momentul in care v\u0103 prezenta\u021bi pentru recoltarea analizelor, v\u0103 rug\u0103m s\u0103 respecta\u021bi urm\u0103toarele recomand\u0103ri:<\/p>\n<\/div>\n\n\n<div style=\"height:10px\" aria-hidden=\"true\" class=\"wp-block-spacer\"><\/div>\n\n\n    <div class=\"block_cuprins_articol\">\r\n        <div class=\"block_cuprins_articol_title\">\r\n            <p>Cuprins<\/p>\r\n        <\/div>\r\n        <ol  class=\"block_cuprins_articol_list two_columns_list\" > \r\n                            <li>\r\n                    <span><a href=\"#titlu_1\">Probe de s\u00e2nge<\/a><\/span>\r\n                <\/li>\r\n                            <li>\r\n                    <span><a href=\"#titlu_2\">Probe de urin\u0103<\/a><\/span>\r\n                <\/li>\r\n                            <li>\r\n                    <span><a href=\"#titlu_3\">Exsudat faringian<\/a><\/span>\r\n                <\/li>\r\n                            <li>\r\n                    <span><a href=\"#titlu_4\">Exsudat nazal<\/a><\/span>\r\n                <\/li>\r\n                            <li>\r\n                    <span><a href=\"#titlu_6\">Materii fecale \u2013 coprocultur\u0103<\/a><\/span>\r\n                <\/li>\r\n                            <li>\r\n                    <span><a href=\"#titlu_5\">Materii fecale<\/a><\/span>\r\n                <\/li>\r\n                            <li>\r\n                    <span><a href=\"#titlu_7\">Secre\u021bii vaginale\/ col\/ uretrale<\/a><\/span>\r\n                <\/li>\r\n                            <li>\r\n                    <span><a href=\"#titlu_8\">Lichid Seminal <\/a><\/span>\r\n                <\/li>\r\n                    <\/ol>\r\n    <\/div>\r\n    \r\n\n\n\n<div style=\"height:20px\" aria-hidden=\"true\" class=\"wp-block-spacer\"><\/div>\n\n\n\n<div class=\"bloc_title_section_icon\" id=\"titlu_1\">\n    <div class=\"bloc_title_section_icon_img\">\n        <img decoding=\"async\" src=\"https:\/\/www.clinica-sante.com\/ro\/wp-content\/uploads\/2023\/09\/icons-ghid.svg\" alt=\"PROBE DE S\u00c2NGE\"\/>\n    <\/div>\n    <div class=\"bloc_title_section\">\n        <h2>PROBE DE S\u00c2NGE<\/h2>\n    <\/div>\n<\/div>\n\n\n<div style=\"height:10px\" aria-hidden=\"true\" class=\"wp-block-spacer\"><\/div>\n\n\n\n<div  class=\"bloc_description_section\"><p>Se recomand\u0103 ca recoltarea probelor de s\u00e2nge s\u0103 se efectueze diminea\u021ba, \u00een intervalul orar 07:00\u201311:00, dup\u0103 un post alimentar de minimum 8 ore, dar nu mai mult de 12 ore, repaus fizic \u0219i psihic \u00een noaptea anterioar\u0103 \u0219i cel pu\u021bin 30 de minute de odihn\u0103 \u00eenainte de recoltare.<\/p>\n<p>Recoltarea se efectueaz\u0103 \u00eenainte de administrarea oric\u0103rui tratament (medicamentos sau suplimente).<\/p>\n<p>Este recomandat ca pacientul s\u0103 fie bine hidratat \u00eenainte de recoltare. Consumul de ap\u0103 plat\u0103 este permis \u0219i chiar indicat, deoarece poate facilita recoltarea probelor de s\u00e2nge.<\/p>\n<p><strong>Important<\/strong><\/p>\n<p>Dac\u0103 urma\u021bi un tratament medicamentos, informa\u021bi medicul curant \u0219i \u00eentreba\u021bi dac\u0103 este necesar\u0103 \u00eentreruperea temporar\u0103 a tratamentului pentru recoltarea analizelor. Este esen\u021bial s\u0103 men\u021biona\u021bi tratamentele urmate \u00een momentul recolt\u0103rii.<\/p>\n<p><strong>Exceptii<\/strong><\/p>\n<ul>\n<li>\u00cen situa\u021bii de urgen\u021b\u0103 (ex. afec\u021biuni acute), recoltarea probelor de s\u00e2nge se poate efectua f\u0103r\u0103 respectarea postului alimentar sau a intervalului orar recomandat (ex. hemoleucogram\u0103, protein\u0103 C reactiv\u0103 &#8211; PCR). Ideal, recoltarea se face la 2-3 ore dup\u0103 ultima mas\u0103, pentru a reduce interferen\u021bele cauzate de lipemia postprandial\u0103. \u00cen caz contrar, este necesar\u0103 men\u021bionarea orei ultimei mese.<\/li>\n<li>Anumite teste hormonale (ex. cortizol, progesteron) necesit\u0103 recoltare la o or\u0103 anume sau \u00eentr-o zi specific\u0103, conform indica\u021biilor medicului curant.<\/li>\n<\/ul>\n<p>&nbsp;<\/p>\n<\/div>\n\n\n<div class=\"bloc_separator_sante\">\n    <span>sus<\/span>\n<\/div>\n\n\n<div style=\"height:14px\" aria-hidden=\"true\" class=\"wp-block-spacer\"><\/div>\n\n\n\n<div class=\"bloc_title_section_icon\" id=\"titlu_2\">\n    <div class=\"bloc_title_section_icon_img\">\n        <img decoding=\"async\" src=\"https:\/\/www.clinica-sante.com\/ro\/wp-content\/uploads\/2023\/09\/icons-ghid-1.svg\" alt=\"PROBE DE URIN\u0102\"\/>\n    <\/div>\n    <div class=\"bloc_title_section\">\n        <h2>PROBE DE URIN\u0102<\/h2>\n    <\/div>\n<\/div>\n\n\n<div  class=\"bloc_description_section\"><p><strong>URIN\u0102 SPONTAN\u0102<\/strong><\/p>\n<ul>\n<li>Se recomand\u0103 recoltarea primei urini de diminea\u021b\u0103.<\/li>\n<li>Probele de urin\u0103 trebuie aduse la laborator \u00een maximum o or\u0103 de la recoltare. Dac\u0103 acest lucru nu este posibil, probele se vor p\u0103stra la frigider.<\/li>\n<li>\u00cenainte de recoltare, se recomand\u0103 igiena riguroas\u0103 a m\u00e2inilor \u0219i a zonei genitale, folosind ap\u0103 \u0219i s\u0103pun.<\/li>\n<li>Nu se recomand\u0103 utilizarea substan\u021belor dezinfectante locale.<\/li>\n<li>Recoltarea se face \u00een recipiente speciale de unic\u0103 folosin\u021b\u0103, sterile, furnizate de laborator sau achizi\u021bionate de la farmacie<\/li>\n<li>Probele de urin\u0103 nu se recolteaz\u0103 \u00een timpul menstrua\u021biei \u0219i nici \u00een cazul pacien\u021bilor afla\u021bi sub tratament diuretic intensiv (atunci c\u00e2nd exista simptomatologie specific\u0103 de infec\u021bie urinar\u0103 (urinari frecvente, durere la mic\u021biune, disconfort abdominal) se comunic\u0103 laboratorului c\u0103 pacientul este cu tratament diuretic).<\/li>\n<\/ul>\n<p><strong>ATEN\u021aIE:<\/strong><\/p>\n<p>Recoltarea se face din jetul urinar mijlociu, aproximativ 20 mL, direct \u00een recipientul steril.<\/p>\n<p>\u00cen cazul Uroculturii, recoltarea se efectueaz\u0103 \u00eenainte de \u00eenceperea tratamentului cu antibiotice sau la cel pu\u021bin 7-10 zile dup\u0103 \u00eencheierea acestuia.<\/p>\n<p>&nbsp;<\/p>\n<p><strong>URINA DIN 24H<\/strong><\/p>\n<p>Pentru analize precum glicozurie, proteinurie, calciu urinar, metanefrine\/normetanefrine urinare etc., recoltarea se face \u00een decurs de 24 de ore.<\/p>\n<ul>\n<li>Se noteaz\u0103 ora de \u00eencepere a recolt\u0103rii;<\/li>\n<li>Prima urin\u0103 se elimin\u0103, iar toate celelalte se colecteaz\u0103 \u00eentr-un recipient curat (2\u20133 litri), p\u0103strat la frigider, pe toat\u0103 durata recolt\u0103rii;<\/li>\n<li>Ultima urin\u0103 se recolteaz\u0103 \u00een diminea\u021ba urm\u0103toare, la aceea\u0219i or\u0103;<\/li>\n<li>Se m\u0103soar\u0103 volumul total, se omogenizeaz\u0103, se extrag aproximativ 20 ml \u0219i se aduc la laborator \u00eentr-un recipient steril, etichetat cu volumul total de urin\u0103 colectat \u00een cele 24 ore.<\/li>\n<\/ul>\n<p><strong>ATEN\u021aIE:<\/strong><\/p>\n<p>Pentru determinarea metanefrinelor\/normetanefrinelor sau a catecolaminelor urinare, evita\u021bi consumul de produse cu cofein\u0103 cu 72 de ore \u00eenainte de recoltare. Evita\u021bi fumatul, efortul fizic \u0219i psihic pe durata recolt\u0103rii.<\/p>\n<p>Este recomandat\u0103 \u00eentreruperea, dac\u0103 este posibil, a medica\u021biei care poate interfera cu rezultatele: inhibitori de monoamin-oxidaz\u0103, antidepresive triciclice, fenoxibenzamin\u0103, buspiron\u0103, L-dopa, beta-blocante (labetalol, sotalol).<\/p>\n<p><strong>ANALIZE URIN\u0102 SUGARI<\/strong><\/p>\n<p>\u00cen cazul sugarilor, se utilizeaz\u0103 pungi sterile speciale pentru recoltare. Dup\u0103 igiena local\u0103, punga se fixeaz\u0103 \u00een jurul orificiului genito-urinar (pentru b\u0103ie\u021bi: penisul trebuie s\u0103 fie plasat \u00een interiorul pungu\u021bei pentru colectarea urinei; pentru feti\u021be: vulva trebuie plasat\u0103 \u00een deschiderea pungii de colectare a urinei, astfel \u00eenc\u00e2t s\u0103 fie acoperit\u0103 \u0219i partea superioar\u0103 a organelor genitale). Dup\u0103 recoltare, punga se leag\u0103 bine, se introduce \u00eentr-un urocultor steril pentru a \u00eempiedica scurgerea urinei \u0219i se transport\u0103 rapid la laborator.<\/p>\n<\/div>\n\n\n<div class=\"bloc_separator_sante\">\n    <span>sus<\/span>\n<\/div>\n\n\n<div style=\"height:10px\" aria-hidden=\"true\" class=\"wp-block-spacer\"><\/div>\n\n\n\n<div class=\"bloc_title_section_icon\" id=\"titlu_3\">\n    <div class=\"bloc_title_section_icon_img\">\n        <img decoding=\"async\" src=\"https:\/\/www.clinica-sante.com\/ro\/wp-content\/uploads\/2023\/09\/icons-ghid-1-1.svg\" alt=\"EXSUDAT FARINGIAN\"\/>\n    <\/div>\n    <div class=\"bloc_title_section\">\n        <h2>EXSUDAT FARINGIAN<\/h2>\n    <\/div>\n<\/div>\n\n\n<div style=\"height:10px\" aria-hidden=\"true\" class=\"wp-block-spacer\"><\/div>\n\n\n\n<div  class=\"bloc_description_section\"><p><strong>Important <\/strong><\/p>\n<p>Recoltarea exsudatului faringian se efectueaz\u0103 diminea\u021ba, pe nem\u00e2ncate, \u00eenaintea consumului de lichide (precum ceai, cafea sau suc), utiliz\u0103rii de substan\u021be antiseptice locale (ex. ap\u0103 de gur\u0103, spray-uri antiseptice sau medicamente pentru g\u00e2t, cum ar fi Faringosept, Septolete, Strepsils, Tantum Verde, Hexoraletten etc.) \u0219i a periajulului dentar.<\/p>\n<p><strong>Recomandare <\/strong><\/p>\n<p>Analiza trebuie realizat\u0103 \u00eenainte de \u00eenceperea unui tratament cu antibiotice sau la cel pu\u021bin 7 \u2013 10 zile dup\u0103 finalizarea acestuia. Recoltarea nu se efectueaz\u0103 \u00een timpul administr\u0103rii de antibiotice. \u00cen cazul simptomelor caracteristice de faringit\u0103 acut\u0103 (febra, durere la \u00eenghi\u021birea de alimente, ro\u0219u \u00een gat, ganglioni limfatici latero-cervicali inflama\u021bi) se men\u021bioneaz\u0103 tratamentul administrat anterior.<\/p>\n<\/div>\n\n\n<div class=\"bloc_separator_sante\">\n    <span>sus<\/span>\n<\/div>\n\n\n<div style=\"height:15px\" aria-hidden=\"true\" class=\"wp-block-spacer\"><\/div>\n\n\n\n<div class=\"bloc_title_section_icon\" id=\"titlu_4\">\n    <div class=\"bloc_title_section_icon_img\">\n        <img decoding=\"async\" src=\"https:\/\/www.clinica-sante.com\/ro\/wp-content\/uploads\/2023\/09\/icons-ghid-2.svg\" alt=\"EXSUDAT NAZAL\"\/>\n    <\/div>\n    <div class=\"bloc_title_section\">\n        <h2>EXSUDAT NAZAL<\/h2>\n    <\/div>\n<\/div>\n\n\n<div style=\"height:22px\" aria-hidden=\"true\" class=\"wp-block-spacer\"><\/div>\n\n\n\n<div  class=\"bloc_description_section\"><h5>Important<\/h5>\n<p>\u00cenainte de recoltare, nu se vor administra decongestionante nazale (pic\u0103turi) \u0219i nu se va efectua toaleta local\u0103 a foselor nazale.<\/p>\n<h5>Recomandare<\/h5>\n<p>Recoltarea se va efectua \u00eenainte de administrarea tratamentului cu antibiotice sau la cel pu\u021bin 7 &#8211; 10 zile dup\u0103 \u00eencheierea acestuia. Analiza nu se efectueaz\u0103 \u00een timpul tratamentului cu antibiotice.<\/p>\n<\/div>\n\n\n<div class=\"bloc_separator_sante\">\n    <span>sus<\/span>\n<\/div>\n\n\n<div style=\"height:15px\" aria-hidden=\"true\" class=\"wp-block-spacer\"><\/div>\n\n\n\n<div class=\"bloc_title_section_icon\" id=\"titlu_5\">\n    <div class=\"bloc_title_section_icon_img\">\n        <img decoding=\"async\" src=\"https:\/\/www.clinica-sante.com\/ro\/wp-content\/uploads\/2023\/09\/icons-ghid-2-1.svg\" alt=\"MATERII FECALE \u2013 coprocultur\u0103\"\/>\n    <\/div>\n    <div class=\"bloc_title_section\">\n        <h2>MATERII FECALE \u2013 coprocultur\u0103<\/h2>\n    <\/div>\n<\/div>\n\n\n<div  class=\"bloc_description_section\"><p><strong>MATERII FECALE \u2013 Coprocultur\u0103 (recipient cu mediu de transport)<\/strong><\/p>\n<p><strong>Aten\u021bie!<\/strong><\/p>\n<p>Proba recoltat\u0103 trebuie introdus\u0103 obligatoriu \u00een mediul de transport (gel). Materiile fecale care dep\u0103\u0219esc nivelul gelului nu pot fi prelucrate, \u00eentruc\u00e2t doar por\u021biunea aflat\u0103 \u00een contact direct cu mediul este stabil\u0103.<\/p>\n<ul>\n<li>Eticheta\u021bi recipientul cu numele pacientului, data \u0219i ora recolt\u0103rii, apoi transporta\u021bi c\u00e2t mai rapid coprorecoltorul la laborator. Pe durata transportului, men\u021bine\u021bi proba la temperatura camerei;<\/li>\n<li>Recoltarea se face diminea\u021ba, preferabil din por\u021biunile de scaun cu aspect modificat (prezen\u021b\u0103 de mucus, s\u00e2nge, puroi). \u00cen lipsa acestora, se recolteaz\u0103 cantit\u0103\u021bi mici din zone diferite ale unui scaun proasp\u0103t, emis spontan;<\/li>\n<li>Se utilizeaz\u0103 coprorecoltoare cu mediu de conservare \u0219i transport (Cary-Blair), prev\u0103zute cu linguri\u021b\u0103 \u2013 disponibile la laborator.<\/li>\n<\/ul>\n<p><strong>Important:\u00a0<\/strong><\/p>\n<p>Probele care con\u021bin materii fecale peste nivelul gelului conservant vor fi refuzate.<\/p>\n<\/div>\n\n\n<div class=\"bloc_separator_sante\">\n    <span>sus<\/span>\n<\/div>\n\n\n<div style=\"height:15px\" aria-hidden=\"true\" class=\"wp-block-spacer\"><\/div>\n\n\n\n<div class=\"bloc_title_section_icon\" id=\"titlu_6\">\n    <div class=\"bloc_title_section_icon_img\">\n        <img decoding=\"async\" src=\"https:\/\/www.clinica-sante.com\/ro\/wp-content\/uploads\/2023\/09\/icons-ghid-1-2.svg\" alt=\"MATERII FECALE\"\/>\n    <\/div>\n    <div class=\"bloc_title_section\">\n        <h2>MATERII FECALE<\/h2>\n    <\/div>\n<\/div>\n\n\n<div  class=\"bloc_description_section\"><p><strong>MATERII FECALE<\/strong>\u00a0<strong> (recipient f\u0103r\u0103 mediu de transport)<\/strong><br \/>\nPentru detec\u021bia: <em>Enterovirusuri, Norovirus GI+GII, Rotavirus\/Adenovirus, antigen Helicobacter pylori, Campylobacter, antigen Giardia, Calprotectin\u0103, Zonulin, M2-PK, test FIT<\/em><\/p>\n<p>Utiliza\u021bi coprorecoltoare f\u0103r\u0103 mediu de conservare \u0219i transport, disponibile \u00een laborator sau \u00een farmacii.<\/p>\n<p>Se recolteaz\u0103 c\u00e2te o por\u021biune de m\u0103rimea unei alune din trei zone diferite ale bolului fecal.<br \/>\n<strong>Aten\u021bie! Nu umple\u021bi recipientul!<\/strong><\/p>\n<p>Pentru examenul coproparazitologic, se recomand\u0103 recoltarea a trei probe la intervale de 7\u201310 zile, deoarece ou\u0103le, chisturile sau larvele parazi\u021bilor pot fi eliminate intermitent. Recoltarea se face preferabil diminea\u021ba, \u00eenainte de administrarea tratamentelor antiparazitare.<\/p>\n<p>Aten\u021bie! Fiecare prob\u0103 va fi adus\u0103 la laborator imediat dup\u0103 recoltare (nu se aduc cele 3 probe recoltate la momente diferite \u00eentr-o singur\u0103 prezentare la laborator).<\/p>\n<p>Dac\u0103 \u00een scaun este prezent un parazit vizibil cu ochiul liber, acesta se colecteaz\u0103 separat, \u00eentr-un recipient transparent, bine \u00eenchis, cu capac, \u0219i nu se introduce \u00een acela\u0219i recipient cu materiile fecale.<\/p>\n<p>Probele vechi sau cu o cantitate excesiv\u0103 de materii fecale vor fi refuzate.<br \/>\nProbele trebuie transportate c\u00e2t mai rapid la laborator sau, dac\u0103 este necesar, pot fi p\u0103strate temporar la frigider (nu mai mult de c\u00e2teva ore).<\/p>\n<p><strong>AMPRENT\u0102 ANAL\u0102<\/strong><\/p>\n<p><strong>Pentru depistarea oxiurilor (Enterobius vermicularis)<\/strong><\/p>\n<p>Recoltarea se face diminea\u021ba, \u00eenainte de toaleta zonei perianale sau de defeca\u021bie.<\/p>\n<p><strong>Etapele recolt\u0103rii:<\/strong><\/p>\n<ol>\n<li>Se preg\u0103te\u0219te o band\u0103 adeziv\u0103 obligatoriu transparent\u0103 \u0219i incolor\u0103 (tip scotch) \u0219i o lam\u0103 de microscop curat\u0103;<\/li>\n<li>Se aplic\u0103 banda adeziv\u0103, cu partea lipicioas\u0103, pe zona perianal\u0103 (\u00een jurul anusului);<\/li>\n<li>Se preseaz\u0103 u\u0219or pe mucoas\u0103, pentru a permite aderarea eventualelor ou\u0103 din pliurile anale pe band\u0103;<\/li>\n<li>Av\u00e2nd grosimea corespunz\u0103toare l\u0103\u021bimii lamei, evit\u00e2ndu-se astfel ca prin lipirea benzii adezive, lama s\u0103 fie acoperit\u0103 pe ambele fa\u021bete. Banda adeziv\u0103 se lipe\u0219te pe lama de microscop, astfel \u00eenc\u00e2t zona amprentat\u0103 s\u0103 fie bine \u00eentins\u0103, f\u0103r\u0103 cute sau bule de aer;<\/li>\n<li>Se noteaz\u0103 numele pacientului, data \u0219i ora recolt\u0103rii\u00a0 &#8211; \u00een zona special destinat\u0103 de pe lam\u0103;<\/li>\n<li>Lama se ambaleaz\u0103 corespunz\u0103tor \u0219i se transport\u0103 c\u00e2t mai repede la laborator.<\/li>\n<\/ol>\n<p>&nbsp;<\/p>\n<\/div>\n\n\n<div class=\"bloc_separator_sante\">\n    <span>sus<\/span>\n<\/div>\n\n\n<div style=\"height:15px\" aria-hidden=\"true\" class=\"wp-block-spacer\"><\/div>\n\n\n\n<div class=\"bloc_title_section_icon\" id=\"titlu_7\">\n    <div class=\"bloc_title_section_icon_img\">\n        <img decoding=\"async\" src=\"https:\/\/www.clinica-sante.com\/ro\/wp-content\/uploads\/2023\/09\/icons-ghid-3.svg\" alt=\"SECRE\u021aII VAGINALE \/COL\/ URETRALE\"\/>\n    <\/div>\n    <div class=\"bloc_title_section\">\n        <h2>SECRE\u021aII VAGINALE \/COL\/ URETRALE<\/h2>\n    <\/div>\n<\/div>\n\n\n<div  class=\"bloc_description_section\"><p><strong>Pentru: secre\u021bie vaginal\u0103, <em>testare Chlamydia trachomatis, Mycoplasma\/Ureaplasma, HPV (Papilloma virus), examen citologic cervico-vaginal Babe\u0219-Papanicolau<\/em>.<\/strong><\/p>\n<p>Pentru ob\u021binerea unor rezultate corecte \u0219i concludente, este esen\u021bial ca, \u00een cele 48 de ore anterioare recolt\u0103rii, s\u0103 fie respectate urm\u0103toarele recomand\u0103ri:<\/p>\n<ul>\n<li>Nu \u00eentre\u021bine\u021bi raporturi sexuale;<\/li>\n<li>Nu utiliza\u021bi contraceptive locale (ovule, geluri, creme, dispozitive intravaginale);<\/li>\n<li>Nu folosi\u021bi tampoane intravaginale;<\/li>\n<li>Nu efectua\u021bi sp\u0103l\u0103turi vaginale;<\/li>\n<li>Nu aplica\u021bi tratamente vaginale (ovule, geluri, creme, spray-uri);<\/li>\n<li>Recoltarea nu se efectueaz\u0103 \u00een perioada menstrua\u021biei \u2013 v\u0103 rug\u0103m s\u0103 programa\u021bi recoltarea dup\u0103 terminarea ciclului menstrual.<\/li>\n<\/ul>\n<p>&nbsp;<\/p>\n<\/div>\n\n\n<div style=\"height:16px\" aria-hidden=\"true\" class=\"wp-block-spacer\"><\/div>\n\n\n\n<div class=\"bloc_separator_sante\">\n    <span>sus<\/span>\n<\/div>\n\n\n<div style=\"height:35px\" aria-hidden=\"true\" class=\"wp-block-spacer\"><\/div>\n\n\n\n<div class=\"bloc_title_section_icon\" id=\"titlu_8\">\n    <div class=\"bloc_title_section_icon_img\">\n        <img decoding=\"async\" src=\"https:\/\/www.clinica-sante.com\/ro\/wp-content\/uploads\/2023\/09\/icons-ghid-4.svg\" alt=\"LICHID SEMINAL\"\/>\n    <\/div>\n    <div class=\"bloc_title_section\">\n        <h2>LICHID SEMINAL<\/h2>\n    <\/div>\n<\/div>\n\n\n<div  class=\"bloc_description_section\"><p><strong>Pentru analize: <em>Spermogram\u0103, Determinarea fragment\u0103rii ADN-ului spermatic (test Sperm Func)<\/em><\/strong><\/p>\n<p><strong>Recoltarea probei:<\/strong><\/p>\n<p>Proba se colecteaz\u0103 \u00eentr-un recipient steril de unic\u0103 folosin\u021b\u0103, care se desigileaz\u0103 doar \u00een momentul utiliz\u0103rii. Nu sp\u0103la\u021bi recipientul \u0219i nu ad\u0103uga\u021bi materiale\u00a0 suplimentare (ex. cauciuc, lubrifian\u021bi etc.).<\/p>\n<p>Se va recolta \u00eentregul ejaculat (complet), prin masturbare, dup\u0103 mic\u021biune (urinare).<\/p>\n<p><strong>Recomand\u0103ri pentru recoltare:\u00a0<\/strong><\/p>\n<ul>\n<li>Se recomand\u0103 o perioad\u0103 de abstinen\u021b\u0103 de 2\u20137 zile (ideal 3 zile), \u00eensemn\u00e2nd absen\u021ba ejacul\u0103rii prin contact sexual sau masturbare \u00eenainte de momentul recolt\u0103rii;<\/li>\n<li>Cu o s\u0103pt\u0103m\u00e2n\u0103 \u00eenaintea recolt\u0103rii, se recomand\u0103 \u00eentreruperea tratamentelor medicamentoase, dac\u0103 este posibil (conform indica\u021biilor medicului);<\/li>\n<li>Recoltarea nu se face \u00een urma contactului sexual sau \u00een prezervativ \u2013 doar prin masturbare, direct \u00een recipientul steril;<\/li>\n<li>\u00cenainte de recoltare, pacientul trebuie s\u0103 \u00ee\u0219i spele m\u00e2inile \u0219i s\u0103 \u00ee\u0219i igienizeze penisul cu ap\u0103 \u0219i s\u0103pun, apoi s\u0103 cl\u0103teasc\u0103 bine cu ap\u0103 \u0219i s\u0103 usuce cu un prosop de unic\u0103 folosin\u021b\u0103.<\/li>\n<\/ul>\n<p><strong>Transportul probei:<\/strong><br \/>\nProba trebuie transportat\u0103 \u00een maximum 30 de minute de la emisie, la o temperatur\u0103 c\u00e2t mai apropiat\u0103 de 37\u00b0C.<br \/>\nEvita\u021bi expunerea la raze solare directe sau la temperaturi sc\u0103zute (\u00eenghe\u021b)!<\/p>\n<p><strong>Poten\u021biale cauze de respingere a probei:<\/strong><\/p>\n<ul>\n<li>Proba este adus\u0103 cu \u00eent\u00e2rziere la laborator;<\/li>\n<li>Temperatura de transport este necorespunz\u0103toare (sub\/supra 37\u00b0C);<\/li>\n<li>Recipientul nu este steril;<\/li>\n<li>Proba con\u021bine doar o parte a ejaculatului (frac\u021biune incomplet\u0103).<\/li>\n<\/ul>\n<p>&nbsp;<\/p>\n<\/div>\n\n\n<div class=\"bloc_separator_sante\">\n    <span>sus<\/span>\n<\/div>\n\n\n<div style=\"height:49px\" aria-hidden=\"true\" class=\"wp-block-spacer\"><\/div>\n","protected":false},"excerpt":{"rendered":"","protected":false},"author":1,"featured_media":0,"parent":0,"menu_order":0,"comment_status":"closed","ping_status":"closed","template":"page-templates\/Gutenberg_template_full.php","meta":{"_acf_changed":false,"inline_featured_image":false,"footnotes":""},"class_list":["post-14620","page","type-page","status-publish","hentry"],"acf":[],"aioseo_notices":[],"_links":{"self":[{"href":"https:\/\/www.clinica-sante.com\/ro\/wp-json\/wp\/v2\/pages\/14620","targetHints":{"allow":["GET"]}}],"collection":[{"href":"https:\/\/www.clinica-sante.com\/ro\/wp-json\/wp\/v2\/pages"}],"about":[{"href":"https:\/\/www.clinica-sante.com\/ro\/wp-json\/wp\/v2\/types\/page"}],"author":[{"embeddable":true,"href":"https:\/\/www.clinica-sante.com\/ro\/wp-json\/wp\/v2\/users\/1"}],"replies":[{"embeddable":true,"href":"https:\/\/www.clinica-sante.com\/ro\/wp-json\/wp\/v2\/comments?post=14620"}],"version-history":[{"count":103,"href":"https:\/\/www.clinica-sante.com\/ro\/wp-json\/wp\/v2\/pages\/14620\/revisions"}],"predecessor-version":[{"id":33177,"href":"https:\/\/www.clinica-sante.com\/ro\/wp-json\/wp\/v2\/pages\/14620\/revisions\/33177"}],"wp:attachment":[{"href":"https:\/\/www.clinica-sante.com\/ro\/wp-json\/wp\/v2\/media?parent=14620"}],"curies":[{"name":"wp","href":"https:\/\/api.w.org\/{rel}","templated":true}]}}