{"id":12904,"date":"2023-08-02T10:13:37","date_gmt":"2023-08-02T10:13:37","guid":{"rendered":"https:\/\/www.clinica-sante.com\/ro\/?page_id=12904"},"modified":"2025-10-01T20:43:57","modified_gmt":"2025-10-01T17:43:57","slug":"chestionar-de-satisfactie","status":"publish","type":"page","link":"https:\/\/www.clinica-sante.com\/ro\/chestionar-de-satisfactie\/","title":{"rendered":"Chestionar de satisfac\u021bie"},"content":{"rendered":"<p>Pentru a perfec\u021biona constant calitatea serviciilor noastre, v\u0103 rug\u0103m s\u0103 completa\u021bi acest chestionar format din\u00a0<strong>10 \u00eentreb\u0103ri<\/strong>, \u00eempreun\u0103 cu datele dumneavoastr\u0103 de contact.<br \/>\nPentru fiecare \u00eentrebare, acorda\u021bi o not\u0103 de la\u00a0<strong>1 la 5<\/strong>, unde\u00a0<strong>1 \u00eenseamn\u0103 foarte nemul\u021bumit\/\u0103<\/strong>, iar\u00a0<strong>5 foarte mul\u021bumit\/\u0103<\/strong>.<\/p>\n<p>Timp de completare:\u00a0<strong>2 minute.<\/strong><\/p>\n<p>P\u0103rerea dumneavoastr\u0103 contribuie direct la calitatea serviciilor noastre, de aceea, confiden\u021bialitatea r\u0103spunsurilor este garantat\u0103.<\/p>\n<p><strong>Date de contact:<\/strong><\/p>\n","protected":false},"excerpt":{"rendered":"<p>Pentru a v\u0103 putea oferi servicii din ce \u00een ce mai bune, v\u0103 oferim spre completare un chestionar format din 6 \u00eentrebari. V\u0103 rug\u0103m s\u0103 completa\u021bi \u0219i numele \u0219i emailul\/telefonul dumeavoastr\u0103.<\/p>\n","protected":false},"author":1,"featured_media":0,"parent":0,"menu_order":0,"comment_status":"closed","ping_status":"closed","template":"page-templates\/page-chestionar-satisfactie.php","meta":{"_acf_changed":false,"inline_featured_image":false,"footnotes":""},"class_list":["post-12904","page","type-page","status-publish","hentry"],"acf":[],"aioseo_notices":[],"_links":{"self":[{"href":"https:\/\/www.clinica-sante.com\/ro\/wp-json\/wp\/v2\/pages\/12904","targetHints":{"allow":["GET"]}}],"collection":[{"href":"https:\/\/www.clinica-sante.com\/ro\/wp-json\/wp\/v2\/pages"}],"about":[{"href":"https:\/\/www.clinica-sante.com\/ro\/wp-json\/wp\/v2\/types\/page"}],"author":[{"embeddable":true,"href":"https:\/\/www.clinica-sante.com\/ro\/wp-json\/wp\/v2\/users\/1"}],"replies":[{"embeddable":true,"href":"https:\/\/www.clinica-sante.com\/ro\/wp-json\/wp\/v2\/comments?post=12904"}],"version-history":[{"count":15,"href":"https:\/\/www.clinica-sante.com\/ro\/wp-json\/wp\/v2\/pages\/12904\/revisions"}],"predecessor-version":[{"id":43606,"href":"https:\/\/www.clinica-sante.com\/ro\/wp-json\/wp\/v2\/pages\/12904\/revisions\/43606"}],"wp:attachment":[{"href":"https:\/\/www.clinica-sante.com\/ro\/wp-json\/wp\/v2\/media?parent=12904"}],"curies":[{"name":"wp","href":"https:\/\/api.w.org\/{rel}","templated":true}]}}